{"id":1934,"date":"2025-08-21T14:55:32","date_gmt":"2025-08-21T07:55:32","guid":{"rendered":"https:\/\/alpha2.khoart.xyz\/?page_id=1934"},"modified":"2025-09-06T15:26:59","modified_gmt":"2025-09-06T08:26:59","slug":"giai-phap-chuyen-doi","status":"publish","type":"page","link":"https:\/\/alphavision.vn\/vi\/giai-phap-chuyen-doi\/","title":{"rendered":"Gi\u1ea3i Ph\u00e1p Chuy\u1ec3n \u0110\u1ed5i"},"content":{"rendered":"<div data-elementor-type=\"wp-page\" data-elementor-id=\"1934\" class=\"elementor elementor-1934\" data-elementor-post-type=\"page\">\n\t\t\t\t<div class=\"elementor-element elementor-element-c51f675 e-con-full e-flex e-con e-parent\" data-id=\"c51f675\" data-element_type=\"container\">\n\t\t<div class=\"elementor-element elementor-element-99f5d50 e-con-full e-flex e-con e-child\" data-id=\"99f5d50\" data-element_type=\"container\">\n\t\t\t\t<div class=\"elementor-element elementor-element-98671f8 elementor-widget elementor-widget-image\" data-id=\"98671f8\" data-element_type=\"widget\" data-widget_type=\"image.default\">\n\t\t\t\t<div class=\"elementor-widget-container\">\n\t\t\t\t\t\t\t\t\t\t\t\t\t\t\t<img fetchpriority=\"high\" decoding=\"async\" width=\"969\" height=\"857\" src=\"https:\/\/alphavision.vn\/wp-content\/uploads\/2025\/09\/bg-4.png\" class=\"attachment-full size-full wp-image-3435\" alt=\"\" srcset=\"https:\/\/alphavision.vn\/wp-content\/uploads\/2025\/09\/bg-4.png 969w, https:\/\/alphavision.vn\/wp-content\/uploads\/2025\/09\/bg-4-300x265.png 300w, https:\/\/alphavision.vn\/wp-content\/uploads\/2025\/09\/bg-4-768x679.png 768w\" sizes=\"(max-width: 969px) 100vw, 969px\" \/>\t\t\t\t\t\t\t\t\t\t\t\t\t\t\t<\/div>\n\t\t\t\t<\/div>\n\t\t\t\t<\/div>\n\t\t<div class=\"elementor-element elementor-element-32a40a6 e-con-full e-flex e-con e-child\" data-id=\"32a40a6\" data-element_type=\"container\">\n\t\t\t\t<div class=\"elementor-element elementor-element-880df80 elementor-headline--style-highlight elementor-widget elementor-widget-animated-headline\" data-id=\"880df80\" data-element_type=\"widget\" data-settings=\"{&quot;marker&quot;:&quot;underline&quot;,&quot;highlighted_text&quot;:&quot;Solutions&quot;,&quot;headline_style&quot;:&quot;highlight&quot;,&quot;loop&quot;:&quot;yes&quot;,&quot;highlight_animation_duration&quot;:1200,&quot;highlight_iteration_delay&quot;:8000}\" data-widget_type=\"animated-headline.default\">\n\t\t\t\t<div class=\"elementor-widget-container\">\n\t\t\t\t\t\t\t<h3 class=\"elementor-headline\">\n\t\t\t\t\t<span class=\"elementor-headline-plain-text elementor-headline-text-wrapper\">Gi\u1ea3i Ph\u00e1p<\/span>\n\t\t\t\t<span class=\"elementor-headline-dynamic-wrapper elementor-headline-text-wrapper\">\n\t\t\t\t\t<span class=\"elementor-headline-dynamic-text elementor-headline-text-active\">Chuy\u1ec3n \u0110\u1ed5i<\/span>\n\t\t\t\t<\/span>\n\t\t\t\t<\/h3>\n\t\t\t\t\t\t<\/div>\n\t\t\t\t<\/div>\n\t\t\t\t<div class=\"elementor-element elementor-element-8cecb2e elementor-widget elementor-widget-text-editor\" data-id=\"8cecb2e\" data-element_type=\"widget\" data-widget_type=\"text-editor.default\">\n\t\t\t\t<div class=\"elementor-widget-container\">\n\t\t\t\t\t\t\t\t\t<p>T\u1ea1i Alpha Vision, ch\u00fang t\u00f4i gi\u00fap doanh nghi\u1ec7p khai th\u00e1c t\u0103ng tr\u01b0\u1edfng th\u00f4ng qua chuy\u1ec3n \u0111\u1ed5i c\u00f4ng ngh\u1ec7 v\u1edbi c\u00e1c c\u00f4ng c\u1ee5 \u1ee9ng d\u1ee5ng AI v\u00e0 quy tr\u00ecnh hi\u1ec7n \u0111\u1ea1i, bi\u1ebfn th\u00e1ch th\u1ee9c th\u00e0nh nh\u1eefng gi\u1ea3i ph\u00e1p c\u00f3 th\u1ec3 m\u1edf r\u1ed9ng v\u00e0 s\u1eb5n s\u00e0ng cho t\u01b0\u01a1ng lai.<br>\nT\u1eeb quy tr\u00ecnh l\u00e0m vi\u1ec7c s\u1ed1 v\u00e0 t\u1ef1 \u0111\u1ed9ng h\u00f3a \u0111\u1ebfn t\u00e1i thi\u1ebft k\u1ebf chi\u1ebfn l\u01b0\u1ee3c v\u00e0 n\u00e2ng cao n\u0103ng l\u1ef1c \u0111\u1ed9i ng\u0169, ch\u00fang t\u00f4i d\u1eabn d\u1eaft h\u00e0nh tr\u00ecnh chuy\u1ec3n \u0111\u1ed5i c\u1ee7a b\u1ea1n - m\u1ed9t c\u00e1ch th\u1ef1c ti\u1ec5n v\u00e0 hi\u1ec7u qu\u1ea3.<\/p><p><strong>H\u00e3y c\u00f9ng ch\u00fang t\u00f4i \u0111\u1ecbnh h\u00ecnh l\u1ea1i doanh nghi\u1ec7p c\u1ee7a b\u1ea1n cho t\u01b0\u01a1ng lai.<\/strong><\/p>\t\t\t\t\t\t\t\t<\/div>\n\t\t\t\t<\/div>\n\t\t\t\t<\/div>\n\t\t\t\t<\/div>\n\t\t<div class=\"elementor-element elementor-element-36ee4d7 e-flex e-con-boxed e-con e-parent\" data-id=\"36ee4d7\" data-element_type=\"container\" data-settings=\"{&quot;background_background&quot;:&quot;classic&quot;}\">\n\t\t\t\t\t<div class=\"e-con-inner\">\n\t\t<div class=\"elementor-element elementor-element-347747f e-con-full e-flex e-con e-child\" data-id=\"347747f\" data-element_type=\"container\" data-settings=\"{&quot;background_background&quot;:&quot;classic&quot;}\">\n\t\t\t\t<div class=\"elementor-element elementor-element-be6978f elementor-widget elementor-widget-heading\" data-id=\"be6978f\" data-element_type=\"widget\" data-widget_type=\"heading.default\">\n\t\t\t\t<div class=\"elementor-widget-container\">\n\t\t\t\t\t<h2 class=\"elementor-heading-title elementor-size-default\">L\u0129nh V\u1ef1c \u00c1p D\u1ee5ng\n<\/h2>\t\t\t\t<\/div>\n\t\t\t\t<\/div>\n\t\t<div class=\"elementor-element elementor-element-c3332df e-grid e-con-full e-con e-child\" data-id=\"c3332df\" data-element_type=\"container\" data-settings=\"{&quot;background_background&quot;:&quot;classic&quot;}\">\n\t\t\t\t<div class=\"elementor-element elementor-element-62a8bf2 e-transform elementor-widget elementor-widget-uael-infobox\" data-id=\"62a8bf2\" data-element_type=\"widget\" data-settings=\"{&quot;_transform_scale_effect_hover&quot;:{&quot;unit&quot;:&quot;px&quot;,&quot;size&quot;:1.02,&quot;sizes&quot;:[]},&quot;_transform_scale_effect_hover_widescreen&quot;:{&quot;unit&quot;:&quot;px&quot;,&quot;size&quot;:&quot;&quot;,&quot;sizes&quot;:[]},&quot;_transform_scale_effect_hover_laptop&quot;:{&quot;unit&quot;:&quot;px&quot;,&quot;size&quot;:&quot;&quot;,&quot;sizes&quot;:[]},&quot;_transform_scale_effect_hover_tablet_extra&quot;:{&quot;unit&quot;:&quot;px&quot;,&quot;size&quot;:&quot;&quot;,&quot;sizes&quot;:[]},&quot;_transform_scale_effect_hover_tablet&quot;:{&quot;unit&quot;:&quot;px&quot;,&quot;size&quot;:&quot;&quot;,&quot;sizes&quot;:[]},&quot;_transform_scale_effect_hover_mobile_extra&quot;:{&quot;unit&quot;:&quot;px&quot;,&quot;size&quot;:&quot;&quot;,&quot;sizes&quot;:[]},&quot;_transform_scale_effect_hover_mobile&quot;:{&quot;unit&quot;:&quot;px&quot;,&quot;size&quot;:&quot;&quot;,&quot;sizes&quot;:[]}}\" data-widget_type=\"uael-infobox.default\">\n\t\t\t\t<div class=\"elementor-widget-container\">\n\t\t\t\t\t\n<div class=\"uael-module-content uael-infobox uael-imgicon-style-normal  infobox-has-icon uael-infobox-icon-above-title  uael-infobox-link-type-none\">\n\t<div class=\"uael-infobox-left-right-wrap\">\n\t\t\t\t\t\t<div class=\"uael-infobox-content\">\n\t\t\t\t\t\t\t<div class=\"uael-module-content uael-imgicon-wrap\">\t\t\t\t\t\t\t\t\t\t\t\n\t\t\t\t\t\t\t\t\t\t\t\t\t\t<\/div>\n\t\t\t\t\t\t\t<div class='uael-infobox-title-wrap'><h4 class=\"uael-infobox-title elementor-inline-editing\" data-elementor-setting-key=\"infobox_title\" data-elementor-inline-editing-toolbar=\"basic\" >Chuy\u1ec3n \u0110\u1ed5i<br>Chi\u1ebfn L\u01b0\u1ee3c &amp; <br>N\u00e2ng T\u1ea7m Hi\u1ec7u Su\u1ea5t<\/h4><\/div>\t\t\t\t\t\t<div class=\"uael-separator-parent\">\n\t\t\t\t<div class=\"uael-separator\"><\/div>\n\t\t\t<\/div>\n\t\t\t\t\t\t\t\t\t<div class=\"uael-infobox-text-wrap\">\n\t\t\t\t<div class=\"uael-infobox-text elementor-inline-editing\" data-elementor-setting-key=\"infobox_description\" data-elementor-inline-editing-toolbar=\"advanced\">\n\t\t\t\t\t<ul>\n \t<li style=\"text-align: left\">T\u00e1i hi\u1ec7u ch\u1ec9nh t\u1ea7m nh\u00ecn, m\u1ee5c ti\u00eau v\u00e0 KPIs th\u00f4ng qua b\u1ea3ng \u0111i\u1ec1u khi\u1ec3n th\u1eddi gian th\u1ef1c<\/li>\n \t<li style=\"text-align: left\">Qu\u1ea3n tr\u1ecb s\u1ef1 thay \u0111\u1ed5i th\u00f4ng qua truy\u1ec1n th\u00f4ng n\u1ed9i b\u1ed9 v\u00e0 ph\u00e1t tri\u1ec3n n\u0103ng l\u1ef1c<\/li>\n<\/ul>\t\t\t\t<\/div>\n\t\t\t\t\t\n\t\t\t\t\t\t\t<\/div>\n\t\t<\/div>\n\t\t\t<\/div>\n<\/div>\n\t\t\t\t<\/div>\n\t\t\t\t<\/div>\n\t\t\t\t<div class=\"elementor-element elementor-element-e801be9 e-transform elementor-widget elementor-widget-uael-infobox\" data-id=\"e801be9\" data-element_type=\"widget\" data-settings=\"{&quot;_transform_scale_effect_hover&quot;:{&quot;unit&quot;:&quot;px&quot;,&quot;size&quot;:1.02,&quot;sizes&quot;:[]},&quot;_transform_scale_effect_hover_widescreen&quot;:{&quot;unit&quot;:&quot;px&quot;,&quot;size&quot;:&quot;&quot;,&quot;sizes&quot;:[]},&quot;_transform_scale_effect_hover_laptop&quot;:{&quot;unit&quot;:&quot;px&quot;,&quot;size&quot;:&quot;&quot;,&quot;sizes&quot;:[]},&quot;_transform_scale_effect_hover_tablet_extra&quot;:{&quot;unit&quot;:&quot;px&quot;,&quot;size&quot;:&quot;&quot;,&quot;sizes&quot;:[]},&quot;_transform_scale_effect_hover_tablet&quot;:{&quot;unit&quot;:&quot;px&quot;,&quot;size&quot;:&quot;&quot;,&quot;sizes&quot;:[]},&quot;_transform_scale_effect_hover_mobile_extra&quot;:{&quot;unit&quot;:&quot;px&quot;,&quot;size&quot;:&quot;&quot;,&quot;sizes&quot;:[]},&quot;_transform_scale_effect_hover_mobile&quot;:{&quot;unit&quot;:&quot;px&quot;,&quot;size&quot;:&quot;&quot;,&quot;sizes&quot;:[]}}\" data-widget_type=\"uael-infobox.default\">\n\t\t\t\t<div class=\"elementor-widget-container\">\n\t\t\t\t\t\n<div class=\"uael-module-content uael-infobox uael-imgicon-style-normal  infobox-has-icon uael-infobox-icon-above-title  uael-infobox-link-type-none\">\n\t<div class=\"uael-infobox-left-right-wrap\">\n\t\t\t\t\t\t<div class=\"uael-infobox-content\">\n\t\t\t\t\t\t\t<div class=\"uael-module-content uael-imgicon-wrap\">\t\t\t\t\t\t\t\t\t\t\t\n\t\t\t\t\t\t\t\t\t\t\t\t\t\t<\/div>\n\t\t\t\t\t\t\t<div class='uael-infobox-title-wrap'><h4 class=\"uael-infobox-title elementor-inline-editing\" data-elementor-setting-key=\"infobox_title\" data-elementor-inline-editing-toolbar=\"basic\" >T\u01b0 V\u1ea5n<br>M\u00f4 H\u00ecnh<br>Kinh Doanh<\/h4><\/div>\t\t\t\t\t\t<div class=\"uael-separator-parent\">\n\t\t\t\t<div class=\"uael-separator\"><\/div>\n\t\t\t<\/div>\n\t\t\t\t\t\t\t\t\t<div class=\"uael-infobox-text-wrap\">\n\t\t\t\t<div class=\"uael-infobox-text elementor-inline-editing\" data-elementor-setting-key=\"infobox_description\" data-elementor-inline-editing-toolbar=\"advanced\">\n\t\t\t\t\t<ul>\n \t<li style=\"text-align: left\">\u0110\u00e1nh gi\u00e1 v\u00e0 t\u00e1i thi\u1ebft k\u1ebf m\u00f4 h\u00ecnh kinh doanh \u0111\u1ec3 ph\u00f9 h\u1ee3p v\u00e0 c\u00f3 kh\u1ea3 n\u0103ng m\u1edf r\u1ed9ng<\/li>\n \t<li style=\"text-align: left\">Chuy\u1ec3n \u0111\u1ed5i t\u1eeb m\u00f4 h\u00ecnh d\u1ef1a tr\u00ean s\u1ea3n ph\u1ea9m\/d\u1ecbch v\u1ee5 sang m\u00f4 h\u00ecnh l\u1ea5y gi\u00e1 tr\u1ecb l\u00e0m trung t\u00e2m<\/li>\n \t<li style=\"text-align: left\">H\u1ed7 tr\u1ee3 doanh nghi\u1ec7p th\u00edch nghi v\u1edbi n\u1ec1n kinh t\u1ebf s\u1ed1 (m\u00f4 h\u00ecnh \u0111\u0103ng k\u00fd, n\u1ec1n t\u1ea3ng, m\u00f4 h\u00ecnh k\u1ebft h\u1ee3p)<\/li>\n<\/ul>\t\t\t\t<\/div>\n\t\t\t\t\t\n\t\t\t\t\t\t\t<\/div>\n\t\t<\/div>\n\t\t\t<\/div>\n<\/div>\n\t\t\t\t<\/div>\n\t\t\t\t<\/div>\n\t\t\t\t<div class=\"elementor-element elementor-element-d78214b e-transform elementor-widget elementor-widget-uael-infobox\" data-id=\"d78214b\" data-element_type=\"widget\" data-settings=\"{&quot;_transform_scale_effect_hover&quot;:{&quot;unit&quot;:&quot;px&quot;,&quot;size&quot;:1.02,&quot;sizes&quot;:[]},&quot;_transform_scale_effect_hover_widescreen&quot;:{&quot;unit&quot;:&quot;px&quot;,&quot;size&quot;:&quot;&quot;,&quot;sizes&quot;:[]},&quot;_transform_scale_effect_hover_laptop&quot;:{&quot;unit&quot;:&quot;px&quot;,&quot;size&quot;:&quot;&quot;,&quot;sizes&quot;:[]},&quot;_transform_scale_effect_hover_tablet_extra&quot;:{&quot;unit&quot;:&quot;px&quot;,&quot;size&quot;:&quot;&quot;,&quot;sizes&quot;:[]},&quot;_transform_scale_effect_hover_tablet&quot;:{&quot;unit&quot;:&quot;px&quot;,&quot;size&quot;:&quot;&quot;,&quot;sizes&quot;:[]},&quot;_transform_scale_effect_hover_mobile_extra&quot;:{&quot;unit&quot;:&quot;px&quot;,&quot;size&quot;:&quot;&quot;,&quot;sizes&quot;:[]},&quot;_transform_scale_effect_hover_mobile&quot;:{&quot;unit&quot;:&quot;px&quot;,&quot;size&quot;:&quot;&quot;,&quot;sizes&quot;:[]}}\" data-widget_type=\"uael-infobox.default\">\n\t\t\t\t<div class=\"elementor-widget-container\">\n\t\t\t\t\t\n<div class=\"uael-module-content uael-infobox uael-imgicon-style-normal  infobox-has-icon uael-infobox-icon-above-title  uael-infobox-link-type-none\">\n\t<div class=\"uael-infobox-left-right-wrap\">\n\t\t\t\t\t\t<div class=\"uael-infobox-content\">\n\t\t\t\t\t\t\t<div class=\"uael-module-content uael-imgicon-wrap\">\t\t\t\t\t\t\t\t\t\t\t\n\t\t\t\t\t\t\t\t\t\t\t\t\t\t<\/div>\n\t\t\t\t\t\t\t<div class='uael-infobox-title-wrap'><h4 class=\"uael-infobox-title elementor-inline-editing\" data-elementor-setting-key=\"infobox_title\" data-elementor-inline-editing-toolbar=\"basic\" >Chuy\u1ec3n \u0110\u1ed5i S\u1ed1 &amp;<br>\nT\u00edch H\u1ee3p<br>Tr\u00ed Tu\u1ec7 Nh\u00e2n T\u1ea1o<\/h4><\/div>\t\t\t\t\t\t<div class=\"uael-separator-parent\">\n\t\t\t\t<div class=\"uael-separator\"><\/div>\n\t\t\t<\/div>\n\t\t\t\t\t\t\t\t\t<div class=\"uael-infobox-text-wrap\">\n\t\t\t\t<div class=\"uael-infobox-text elementor-inline-editing\" data-elementor-setting-key=\"infobox_description\" data-elementor-inline-editing-toolbar=\"advanced\">\n\t\t\t\t\t<ul>\n \t<li style=\"text-align: left\">L\u1ed9 tr\u00ecnh chuy\u1ec3n \u0111\u1ed5i s\u1ed1 g\u1eafn li\u1ec1n v\u1edbi m\u1ee5c ti\u00eau kinh doanh<\/li>\n \t<li style=\"text-align: left\">\u1ee8ng d\u1ee5ng c\u00f4ng c\u1ee5 AI trong ra quy\u1ebft \u0111\u1ecbnh, t\u1ef1 \u0111\u1ed9ng h\u00f3a v\u00e0 ph\u00e2n t\u00edch h\u00e0nh vi kh\u00e1ch h\u00e0ng<\/li>\n \t<li style=\"text-align: left\">S\u1ed1 h\u00f3a quy tr\u00ecnh v\u00e0 thi\u1ebft k\u1ebf lu\u1ed3ng c\u00f4ng vi\u1ec7c th\u00f4ng minh<\/li>\n<\/ul>\t\t\t\t<\/div>\n\t\t\t\t\t\n\t\t\t\t\t\t\t<\/div>\n\t\t<\/div>\n\t\t\t<\/div>\n<\/div>\n\t\t\t\t<\/div>\n\t\t\t\t<\/div>\n\t\t\t\t<div class=\"elementor-element elementor-element-4fb7ece e-transform elementor-widget elementor-widget-uael-infobox\" data-id=\"4fb7ece\" data-element_type=\"widget\" data-settings=\"{&quot;_transform_scale_effect_hover&quot;:{&quot;unit&quot;:&quot;px&quot;,&quot;size&quot;:1.02,&quot;sizes&quot;:[]},&quot;_transform_scale_effect_hover_widescreen&quot;:{&quot;unit&quot;:&quot;px&quot;,&quot;size&quot;:&quot;&quot;,&quot;sizes&quot;:[]},&quot;_transform_scale_effect_hover_laptop&quot;:{&quot;unit&quot;:&quot;px&quot;,&quot;size&quot;:&quot;&quot;,&quot;sizes&quot;:[]},&quot;_transform_scale_effect_hover_tablet_extra&quot;:{&quot;unit&quot;:&quot;px&quot;,&quot;size&quot;:&quot;&quot;,&quot;sizes&quot;:[]},&quot;_transform_scale_effect_hover_tablet&quot;:{&quot;unit&quot;:&quot;px&quot;,&quot;size&quot;:&quot;&quot;,&quot;sizes&quot;:[]},&quot;_transform_scale_effect_hover_mobile_extra&quot;:{&quot;unit&quot;:&quot;px&quot;,&quot;size&quot;:&quot;&quot;,&quot;sizes&quot;:[]},&quot;_transform_scale_effect_hover_mobile&quot;:{&quot;unit&quot;:&quot;px&quot;,&quot;size&quot;:&quot;&quot;,&quot;sizes&quot;:[]}}\" data-widget_type=\"uael-infobox.default\">\n\t\t\t\t<div class=\"elementor-widget-container\">\n\t\t\t\t\t\n<div class=\"uael-module-content uael-infobox uael-imgicon-style-normal  infobox-has-icon uael-infobox-icon-above-title  uael-infobox-link-type-none\">\n\t<div class=\"uael-infobox-left-right-wrap\">\n\t\t\t\t\t\t<div class=\"uael-infobox-content\">\n\t\t\t\t\t\t\t<div class=\"uael-module-content uael-imgicon-wrap\">\t\t\t\t\t\t\t\t\t\t\t\n\t\t\t\t\t\t\t\t\t\t\t\t\t\t<\/div>\n\t\t\t\t\t\t\t<div class='uael-infobox-title-wrap'><h4 class=\"uael-infobox-title elementor-inline-editing\" data-elementor-setting-key=\"infobox_title\" data-elementor-inline-editing-toolbar=\"basic\" >Chuy\u1ec3n \u0110\u1ed5i<br>Tr\u1ea3i Nghi\u1ec7m<br>Kh\u00e1ch H\u00e0ng<\/h4><\/div>\t\t\t\t\t\t<div class=\"uael-separator-parent\">\n\t\t\t\t<div class=\"uael-separator\"><\/div>\n\t\t\t<\/div>\n\t\t\t\t\t\t\t\t\t<div class=\"uael-infobox-text-wrap\">\n\t\t\t\t<div class=\"uael-infobox-text elementor-inline-editing\" data-elementor-setting-key=\"infobox_description\" data-elementor-inline-editing-toolbar=\"advanced\">\n\t\t\t\t\t<ul>\n \t<li style=\"text-align: left\">Thi\u1ebft k\u1ebf l\u1ea1i to\u00e0n b\u1ed9 h\u00e0nh tr\u00ecnh kh\u00e1ch h\u00e0ng t\u1eeb \u0111\u1ea7u \u0111\u1ebfn cu\u1ed1i<\/li>\n \t<li style=\"text-align: left\">\u0110\u1ed5i m\u1edbi tr\u1ea3i nghi\u1ec7m t\u1ea1i m\u1ecdi \u0111i\u1ec3m ch\u1ea1m \u2013 t\u1eeb tr\u1ef1c ti\u1ebfp \u0111\u1ebfn s\u1ed1 h\u00f3a<\/li>\n \t<li style=\"text-align: left\">Chi\u1ebfn l\u01b0\u1ee3c c\u00e1 nh\u00e2n h\u00f3a d\u1ef1a tr\u00ean d\u1eef li\u1ec7u v\u00e0 h\u00e0nh vi kh\u00e1ch h\u00e0ng<\/li>\n<\/ul>\t\t\t\t<\/div>\n\t\t\t\t\t\n\t\t\t\t\t\t\t<\/div>\n\t\t<\/div>\n\t\t\t<\/div>\n<\/div>\n\t\t\t\t<\/div>\n\t\t\t\t<\/div>\n\t\t\t\t<\/div>\n\t\t\t\t<\/div>\n\t\t\t\t\t<\/div>\n\t\t\t\t<\/div>\n\t\t\t\t<\/div>","protected":false},"excerpt":{"rendered":"<p>Transformative Solutions We turn challenges into scalable, future-ready solutions. From digital workflows and automation to strategic redesign and team capability [&hellip;]<\/p>","protected":false},"author":1,"featured_media":0,"parent":0,"menu_order":0,"comment_status":"closed","ping_status":"closed","template":"","meta":{"site-sidebar-layout":"no-sidebar","site-content-layout":"","ast-site-content-layout":"full-width-container","site-content-style":"default","site-sidebar-style":"default","ast-global-header-display":"","ast-banner-title-visibility":"","ast-main-header-display":"","ast-hfb-above-header-display":"","ast-hfb-below-header-display":"","ast-hfb-mobile-header-display":"","site-post-title":"","ast-breadcrumbs-content":"","ast-featured-img":"disabled","footer-sml-layout":"","theme-transparent-header-meta":"default","adv-header-id-meta":"","stick-header-meta":"default","header-above-stick-meta":"","header-main-stick-meta":"","header-below-stick-meta":"","astra-migrate-meta-layouts":"set","ast-page-background-enabled":"default","ast-page-background-meta":{"desktop":{"background-color":"var(--ast-global-color-5)","background-image":"","background-repeat":"repeat","background-position":"center center","background-size":"auto","background-attachment":"scroll","background-type":"","background-media":"","overlay-type":"","overlay-color":"","overlay-opacity":"","overlay-gradient":""},"tablet":{"background-color":"","background-image":"","background-repeat":"repeat","background-position":"center center","background-size":"auto","background-attachment":"scroll","background-type":"","background-media":"","overlay-type":"","overlay-color":"","overlay-opacity":"","overlay-gradient":""},"mobile":{"background-color":"","background-image":"","background-repeat":"repeat","background-position":"center center","background-size":"auto","background-attachment":"scroll","background-type":"","background-media":"","overlay-type":"","overlay-color":"","overlay-opacity":"","overlay-gradient":""}},"ast-content-background-meta":{"desktop":{"background-color":"var(--ast-global-color-4)","background-image":"","background-repeat":"repeat","background-position":"center center","background-size":"auto","background-attachment":"scroll","background-type":"","background-media":"","overlay-type":"","overlay-color":"","overlay-opacity":"","overlay-gradient":""},"tablet":{"background-color":"var(--ast-global-color-4)","background-image":"","background-repeat":"repeat","background-position":"center center","background-size":"auto","background-attachment":"scroll","background-type":"","background-media":"","overlay-type":"","overlay-color":"","overlay-opacity":"","overlay-gradient":""},"mobile":{"background-color":"var(--ast-global-color-4)","background-image":"","background-repeat":"repeat","background-position":"center center","background-size":"auto","background-attachment":"scroll","background-type":"","background-media":"","overlay-type":"","overlay-color":"","overlay-opacity":"","overlay-gradient":""}},"footnotes":""},"class_list":["post-1934","page","type-page","status-publish","hentry"],"_links":{"self":[{"href":"https:\/\/alphavision.vn\/vi\/wp-json\/wp\/v2\/pages\/1934","targetHints":{"allow":["GET"]}}],"collection":[{"href":"https:\/\/alphavision.vn\/vi\/wp-json\/wp\/v2\/pages"}],"about":[{"href":"https:\/\/alphavision.vn\/vi\/wp-json\/wp\/v2\/types\/page"}],"author":[{"embeddable":true,"href":"https:\/\/alphavision.vn\/vi\/wp-json\/wp\/v2\/users\/1"}],"replies":[{"embeddable":true,"href":"https:\/\/alphavision.vn\/vi\/wp-json\/wp\/v2\/comments?post=1934"}],"version-history":[{"count":48,"href":"https:\/\/alphavision.vn\/vi\/wp-json\/wp\/v2\/pages\/1934\/revisions"}],"predecessor-version":[{"id":4186,"href":"https:\/\/alphavision.vn\/vi\/wp-json\/wp\/v2\/pages\/1934\/revisions\/4186"}],"wp:attachment":[{"href":"https:\/\/alphavision.vn\/vi\/wp-json\/wp\/v2\/media?parent=1934"}],"curies":[{"name":"wp","href":"https:\/\/api.w.org\/{rel}","templated":true}]}}